{"id":12829,"date":"2022-06-07T16:03:22","date_gmt":"2022-06-07T14:03:22","guid":{"rendered":"https:\/\/accounto.ch\/?page_id=12829"},"modified":"2022-06-07T16:03:24","modified_gmt":"2022-06-07T14:03:24","slug":"service-dechange","status":"publish","type":"page","link":"https:\/\/accounto.ch\/fr\/service-dechange\/","title":{"rendered":"Service d&rsquo;\u00e9change"},"content":{"rendered":"","protected":false},"excerpt":{"rendered":"","protected":false},"author":12,"featured_media":0,"parent":0,"menu_order":0,"comment_status":"closed","ping_status":"closed","template":"","meta":{"_acf_changed":false,"_monsterinsights_skip_tracking":false,"_monsterinsights_sitenote_active":false,"_monsterinsights_sitenote_note":"","_monsterinsights_sitenote_category":0,"footnotes":""},"class_list":["post-12829","page","type-page","status-publish",""],"acf":[],"yoast_head":"<!-- This site is optimized with the Yoast SEO Premium plugin v27.4 (Yoast SEO v27.2) - https:\/\/yoast.com\/product\/yoast-seo-premium-wordpress\/ -->\n<title>Service d&#039;\u00e9change - Accounto | Comptabilit\u00e9 num\u00e9rique<\/title>\n<meta name=\"robots\" content=\"index, follow, max-snippet:-1, max-image-preview:large, max-video-preview:-1\" \/>\n<link rel=\"canonical\" href=\"https:\/\/accounto.ch\/fr\/service-dechange\/\" \/>\n<meta property=\"og:locale\" content=\"fr_FR\" \/>\n<meta property=\"og:type\" content=\"article\" \/>\n<meta property=\"og:title\" content=\"Service d&#039;\u00e9change - Accounto | Comptabilit\u00e9 num\u00e9rique\" \/>\n<meta property=\"og:url\" content=\"https:\/\/accounto.ch\/fr\/service-dechange\/\" \/>\n<meta property=\"og:site_name\" content=\"Accounto | Comptabilit\u00e9 num\u00e9rique\" \/>\n<meta property=\"article:publisher\" content=\"https:\/\/www.facebook.com\/accounto.ch\/\" \/>\n<meta property=\"article:modified_time\" content=\"2022-06-07T14:03:24+00:00\" \/>\n<meta name=\"twitter:card\" content=\"summary_large_image\" \/>\n<meta name=\"twitter:site\" content=\"@accounto_tech\" \/>\n<script type=\"application\/ld+json\" class=\"yoast-schema-graph\">{\"@context\":\"https:\/\/schema.org\",\"@graph\":[{\"@type\":\"WebPage\",\"@id\":\"https:\/\/accounto.ch\/fr\/service-dechange\/\",\"url\":\"https:\/\/accounto.ch\/fr\/service-dechange\/\",\"name\":\"Service d'\u00e9change - Accounto | Comptabilit\u00e9 num\u00e9rique\",\"isPartOf\":{\"@id\":\"https:\/\/accounto.ch\/fr\/#website\"},\"datePublished\":\"2022-06-07T14:03:22+00:00\",\"dateModified\":\"2022-06-07T14:03:24+00:00\",\"breadcrumb\":{\"@id\":\"https:\/\/accounto.ch\/fr\/service-dechange\/#breadcrumb\"},\"inLanguage\":\"fr-FR\",\"potentialAction\":[{\"@type\":\"ReadAction\",\"target\":[\"https:\/\/accounto.ch\/fr\/service-dechange\/\"]}]},{\"@type\":\"BreadcrumbList\",\"@id\":\"https:\/\/accounto.ch\/fr\/service-dechange\/#breadcrumb\",\"itemListElement\":[{\"@type\":\"ListItem\",\"position\":1,\"name\":\"Home\",\"item\":\"https:\/\/accounto.ch\/fr\/\"},{\"@type\":\"ListItem\",\"position\":2,\"name\":\"Service d&#8217;\u00e9change\"}]},{\"@type\":\"WebSite\",\"@id\":\"https:\/\/accounto.ch\/fr\/#website\",\"url\":\"https:\/\/accounto.ch\/fr\/\",\"name\":\"Accounto | Digitale Buchhaltung\",\"description\":\"Nous permettons aux fiduciaires de s\u2019\u00e9tablir comme experts num\u00e9riques incontournables au succ\u00e8s des PME.\",\"publisher\":{\"@id\":\"https:\/\/accounto.ch\/fr\/#organization\"},\"potentialAction\":[{\"@type\":\"SearchAction\",\"target\":{\"@type\":\"EntryPoint\",\"urlTemplate\":\"https:\/\/accounto.ch\/fr\/?s={search_term_string}\"},\"query-input\":{\"@type\":\"PropertyValueSpecification\",\"valueRequired\":true,\"valueName\":\"search_term_string\"}}],\"inLanguage\":\"fr-FR\"},{\"@type\":\"Organization\",\"@id\":\"https:\/\/accounto.ch\/fr\/#organization\",\"name\":\"Accounto AG\",\"url\":\"https:\/\/accounto.ch\/fr\/\",\"logo\":{\"@type\":\"ImageObject\",\"inLanguage\":\"fr-FR\",\"@id\":\"https:\/\/accounto.ch\/fr\/#\/schema\/logo\/image\/\",\"url\":\"https:\/\/accounto.ch\/wp-content\/uploads\/2020\/04\/accounto_logo-3.png\",\"contentUrl\":\"https:\/\/accounto.ch\/wp-content\/uploads\/2020\/04\/accounto_logo-3.png\",\"width\":500,\"height\":78,\"caption\":\"Accounto AG\"},\"image\":{\"@id\":\"https:\/\/accounto.ch\/fr\/#\/schema\/logo\/image\/\"},\"sameAs\":[\"https:\/\/www.facebook.com\/accounto.ch\/\",\"https:\/\/x.com\/accounto_tech\",\"https:\/\/www.instagram.com\/accounto.ch\/\",\"https:\/\/www.linkedin.com\/company\/10652987\"]}]}<\/script>\n<!-- \/ Yoast SEO Premium plugin. -->","yoast_head_json":{"title":"Service d'\u00e9change - Accounto | Comptabilit\u00e9 num\u00e9rique","robots":{"index":"index","follow":"follow","max-snippet":"max-snippet:-1","max-image-preview":"max-image-preview:large","max-video-preview":"max-video-preview:-1"},"canonical":"https:\/\/accounto.ch\/fr\/service-dechange\/","og_locale":"fr_FR","og_type":"article","og_title":"Service d'\u00e9change - Accounto | Comptabilit\u00e9 num\u00e9rique","og_url":"https:\/\/accounto.ch\/fr\/service-dechange\/","og_site_name":"Accounto | Comptabilit\u00e9 num\u00e9rique","article_publisher":"https:\/\/www.facebook.com\/accounto.ch\/","article_modified_time":"2022-06-07T14:03:24+00:00","twitter_card":"summary_large_image","twitter_site":"@accounto_tech","schema":{"@context":"https:\/\/schema.org","@graph":[{"@type":"WebPage","@id":"https:\/\/accounto.ch\/fr\/service-dechange\/","url":"https:\/\/accounto.ch\/fr\/service-dechange\/","name":"Service d'\u00e9change - Accounto | Comptabilit\u00e9 num\u00e9rique","isPartOf":{"@id":"https:\/\/accounto.ch\/fr\/#website"},"datePublished":"2022-06-07T14:03:22+00:00","dateModified":"2022-06-07T14:03:24+00:00","breadcrumb":{"@id":"https:\/\/accounto.ch\/fr\/service-dechange\/#breadcrumb"},"inLanguage":"fr-FR","potentialAction":[{"@type":"ReadAction","target":["https:\/\/accounto.ch\/fr\/service-dechange\/"]}]},{"@type":"BreadcrumbList","@id":"https:\/\/accounto.ch\/fr\/service-dechange\/#breadcrumb","itemListElement":[{"@type":"ListItem","position":1,"name":"Home","item":"https:\/\/accounto.ch\/fr\/"},{"@type":"ListItem","position":2,"name":"Service d&#8217;\u00e9change"}]},{"@type":"WebSite","@id":"https:\/\/accounto.ch\/fr\/#website","url":"https:\/\/accounto.ch\/fr\/","name":"Accounto | Digitale Buchhaltung","description":"Nous permettons aux fiduciaires de s\u2019\u00e9tablir comme experts num\u00e9riques incontournables au succ\u00e8s des PME.","publisher":{"@id":"https:\/\/accounto.ch\/fr\/#organization"},"potentialAction":[{"@type":"SearchAction","target":{"@type":"EntryPoint","urlTemplate":"https:\/\/accounto.ch\/fr\/?s={search_term_string}"},"query-input":{"@type":"PropertyValueSpecification","valueRequired":true,"valueName":"search_term_string"}}],"inLanguage":"fr-FR"},{"@type":"Organization","@id":"https:\/\/accounto.ch\/fr\/#organization","name":"Accounto AG","url":"https:\/\/accounto.ch\/fr\/","logo":{"@type":"ImageObject","inLanguage":"fr-FR","@id":"https:\/\/accounto.ch\/fr\/#\/schema\/logo\/image\/","url":"https:\/\/accounto.ch\/wp-content\/uploads\/2020\/04\/accounto_logo-3.png","contentUrl":"https:\/\/accounto.ch\/wp-content\/uploads\/2020\/04\/accounto_logo-3.png","width":500,"height":78,"caption":"Accounto AG"},"image":{"@id":"https:\/\/accounto.ch\/fr\/#\/schema\/logo\/image\/"},"sameAs":["https:\/\/www.facebook.com\/accounto.ch\/","https:\/\/x.com\/accounto_tech","https:\/\/www.instagram.com\/accounto.ch\/","https:\/\/www.linkedin.com\/company\/10652987"]}]}},"_links":{"self":[{"href":"https:\/\/accounto.ch\/fr\/wp-json\/wp\/v2\/pages\/12829","targetHints":{"allow":["GET"]}}],"collection":[{"href":"https:\/\/accounto.ch\/fr\/wp-json\/wp\/v2\/pages"}],"about":[{"href":"https:\/\/accounto.ch\/fr\/wp-json\/wp\/v2\/types\/page"}],"author":[{"embeddable":true,"href":"https:\/\/accounto.ch\/fr\/wp-json\/wp\/v2\/users\/12"}],"replies":[{"embeddable":true,"href":"https:\/\/accounto.ch\/fr\/wp-json\/wp\/v2\/comments?post=12829"}],"version-history":[{"count":0,"href":"https:\/\/accounto.ch\/fr\/wp-json\/wp\/v2\/pages\/12829\/revisions"}],"wp:attachment":[{"href":"https:\/\/accounto.ch\/fr\/wp-json\/wp\/v2\/media?parent=12829"}],"curies":[{"name":"wp","href":"https:\/\/api.w.org\/{rel}","templated":true}]}}