{"id":8981,"date":"2021-05-24T19:36:32","date_gmt":"2021-05-24T19:36:32","guid":{"rendered":"https:\/\/accounto.ch\/solution\/"},"modified":"2022-04-21T09:25:19","modified_gmt":"2022-04-21T07:25:19","slug":"solution","status":"publish","type":"page","link":"https:\/\/accounto.ch\/fr\/solution\/","title":{"rendered":"Solution"},"content":{"rendered":"\n\n\n\n\n\n<h2 id=\"block_60be1d5e5040b\" class=\"c-title c-title--standard  text-left txt-color-header   \" >\n  Accounto expliqu\u00e9 en 90 secondes  <\/h2>\n\n\n\n\n<div id=\"block_60be1d645040c\" class=\"c-text txt-color-grey text-size-default   \" >\n  <p>Accounto est si simple que 90 secondes suffisent pour expliquer le processus. Si vous avez encore des questions par la suite, nos experts se feront un plaisir de vous aider.<\/p>\n<\/div>\n\n\n\n<div id=\"block_60be1d6a5040d\" class=\"text-left   \" >\n  <a href=\"https:\/\/accounto.ch\/fr\/fixer-une-demonstration-en-direct-pme\/\" class=\"c-btn c-btn--bordered\">Fixer une consultation sans engagement<\/a>\n  <\/div>\n\n\n\n\n\n","protected":false},"excerpt":{"rendered":"","protected":false},"author":1,"featured_media":0,"parent":0,"menu_order":0,"comment_status":"closed","ping_status":"closed","template":"","meta":{"_acf_changed":false,"_monsterinsights_skip_tracking":false,"_monsterinsights_sitenote_active":false,"_monsterinsights_sitenote_note":"","_monsterinsights_sitenote_category":0,"footnotes":""},"class_list":["post-8981","page","type-page","status-publish",""],"acf":[],"yoast_head":"<!-- This site is optimized with the Yoast SEO Premium plugin v27.3 (Yoast SEO v27.2) - https:\/\/yoast.com\/product\/yoast-seo-premium-wordpress\/ -->\n<title>Le fonctionnement de la solution Accounto est aussi simple que cela<\/title>\n<meta name=\"description\" content=\"Les PME et les fiduciaires collaborent plus facilement et plus efficacement gr\u00e2ce \u00e0 Accounto. Comment fonctionne le logiciel? D\u00e9couvrez d\u00e8s maintenant la solution Accounto en huit \u00e9tapes.\" \/>\n<meta name=\"robots\" content=\"index, follow, max-snippet:-1, max-image-preview:large, max-video-preview:-1\" \/>\n<link rel=\"canonical\" href=\"https:\/\/accounto.ch\/fr\/solution\/\" \/>\n<meta property=\"og:locale\" content=\"fr_FR\" \/>\n<meta property=\"og:type\" content=\"article\" \/>\n<meta property=\"og:title\" content=\"Le fonctionnement de la solution Accounto est aussi simple que cela\" \/>\n<meta property=\"og:description\" content=\"Les PME et les fiduciaires collaborent plus facilement et plus efficacement gr\u00e2ce \u00e0 Accounto. Comment fonctionne le logiciel? D\u00e9couvrez d\u00e8s maintenant la solution Accounto en huit \u00e9tapes.\" \/>\n<meta property=\"og:url\" content=\"https:\/\/accounto.ch\/fr\/solution\/\" \/>\n<meta property=\"og:site_name\" content=\"Accounto | Comptabilit\u00e9 num\u00e9rique\" \/>\n<meta property=\"article:publisher\" content=\"https:\/\/www.facebook.com\/accounto.ch\/\" \/>\n<meta property=\"article:modified_time\" content=\"2022-04-21T07:25:19+00:00\" \/>\n<meta name=\"twitter:card\" content=\"summary_large_image\" \/>\n<meta name=\"twitter:site\" content=\"@accounto_tech\" \/>\n<script type=\"application\/ld+json\" class=\"yoast-schema-graph\">{\"@context\":\"https:\/\/schema.org\",\"@graph\":[{\"@type\":\"WebPage\",\"@id\":\"https:\/\/accounto.ch\/fr\/solution\/\",\"url\":\"https:\/\/accounto.ch\/fr\/solution\/\",\"name\":\"Le fonctionnement de la solution Accounto est aussi simple que cela\",\"isPartOf\":{\"@id\":\"https:\/\/accounto.ch\/fr\/#website\"},\"datePublished\":\"2021-05-24T19:36:32+00:00\",\"dateModified\":\"2022-04-21T07:25:19+00:00\",\"description\":\"Les PME et les fiduciaires collaborent plus facilement et plus efficacement gr\u00e2ce \u00e0 Accounto. Comment fonctionne le logiciel? D\u00e9couvrez d\u00e8s maintenant la solution Accounto en huit \u00e9tapes.\",\"breadcrumb\":{\"@id\":\"https:\/\/accounto.ch\/fr\/solution\/#breadcrumb\"},\"inLanguage\":\"fr-FR\",\"potentialAction\":[{\"@type\":\"ReadAction\",\"target\":[\"https:\/\/accounto.ch\/fr\/solution\/\"]}]},{\"@type\":\"BreadcrumbList\",\"@id\":\"https:\/\/accounto.ch\/fr\/solution\/#breadcrumb\",\"itemListElement\":[{\"@type\":\"ListItem\",\"position\":1,\"name\":\"Home\",\"item\":\"https:\/\/accounto.ch\/fr\/\"},{\"@type\":\"ListItem\",\"position\":2,\"name\":\"Solution\"}]},{\"@type\":\"WebSite\",\"@id\":\"https:\/\/accounto.ch\/fr\/#website\",\"url\":\"https:\/\/accounto.ch\/fr\/\",\"name\":\"Accounto | Digitale Buchhaltung\",\"description\":\"Nous permettons aux fiduciaires de s\u2019\u00e9tablir comme experts num\u00e9riques incontournables au succ\u00e8s des PME.\",\"publisher\":{\"@id\":\"https:\/\/accounto.ch\/fr\/#organization\"},\"potentialAction\":[{\"@type\":\"SearchAction\",\"target\":{\"@type\":\"EntryPoint\",\"urlTemplate\":\"https:\/\/accounto.ch\/fr\/?s={search_term_string}\"},\"query-input\":{\"@type\":\"PropertyValueSpecification\",\"valueRequired\":true,\"valueName\":\"search_term_string\"}}],\"inLanguage\":\"fr-FR\"},{\"@type\":\"Organization\",\"@id\":\"https:\/\/accounto.ch\/fr\/#organization\",\"name\":\"Accounto AG\",\"url\":\"https:\/\/accounto.ch\/fr\/\",\"logo\":{\"@type\":\"ImageObject\",\"inLanguage\":\"fr-FR\",\"@id\":\"https:\/\/accounto.ch\/fr\/#\/schema\/logo\/image\/\",\"url\":\"https:\/\/accounto.ch\/wp-content\/uploads\/2020\/04\/accounto_logo-3.png\",\"contentUrl\":\"https:\/\/accounto.ch\/wp-content\/uploads\/2020\/04\/accounto_logo-3.png\",\"width\":500,\"height\":78,\"caption\":\"Accounto AG\"},\"image\":{\"@id\":\"https:\/\/accounto.ch\/fr\/#\/schema\/logo\/image\/\"},\"sameAs\":[\"https:\/\/www.facebook.com\/accounto.ch\/\",\"https:\/\/x.com\/accounto_tech\",\"https:\/\/www.instagram.com\/accounto.ch\/\",\"https:\/\/www.linkedin.com\/company\/10652987\"]}]}<\/script>\n<!-- \/ Yoast SEO Premium plugin. -->","yoast_head_json":{"title":"Le fonctionnement de la solution Accounto est aussi simple que cela","description":"Les PME et les fiduciaires collaborent plus facilement et plus efficacement gr\u00e2ce \u00e0 Accounto. Comment fonctionne le logiciel? D\u00e9couvrez d\u00e8s maintenant la solution Accounto en huit \u00e9tapes.","robots":{"index":"index","follow":"follow","max-snippet":"max-snippet:-1","max-image-preview":"max-image-preview:large","max-video-preview":"max-video-preview:-1"},"canonical":"https:\/\/accounto.ch\/fr\/solution\/","og_locale":"fr_FR","og_type":"article","og_title":"Le fonctionnement de la solution Accounto est aussi simple que cela","og_description":"Les PME et les fiduciaires collaborent plus facilement et plus efficacement gr\u00e2ce \u00e0 Accounto. Comment fonctionne le logiciel? D\u00e9couvrez d\u00e8s maintenant la solution Accounto en huit \u00e9tapes.","og_url":"https:\/\/accounto.ch\/fr\/solution\/","og_site_name":"Accounto | Comptabilit\u00e9 num\u00e9rique","article_publisher":"https:\/\/www.facebook.com\/accounto.ch\/","article_modified_time":"2022-04-21T07:25:19+00:00","twitter_card":"summary_large_image","twitter_site":"@accounto_tech","schema":{"@context":"https:\/\/schema.org","@graph":[{"@type":"WebPage","@id":"https:\/\/accounto.ch\/fr\/solution\/","url":"https:\/\/accounto.ch\/fr\/solution\/","name":"Le fonctionnement de la solution Accounto est aussi simple que cela","isPartOf":{"@id":"https:\/\/accounto.ch\/fr\/#website"},"datePublished":"2021-05-24T19:36:32+00:00","dateModified":"2022-04-21T07:25:19+00:00","description":"Les PME et les fiduciaires collaborent plus facilement et plus efficacement gr\u00e2ce \u00e0 Accounto. Comment fonctionne le logiciel? D\u00e9couvrez d\u00e8s maintenant la solution Accounto en huit \u00e9tapes.","breadcrumb":{"@id":"https:\/\/accounto.ch\/fr\/solution\/#breadcrumb"},"inLanguage":"fr-FR","potentialAction":[{"@type":"ReadAction","target":["https:\/\/accounto.ch\/fr\/solution\/"]}]},{"@type":"BreadcrumbList","@id":"https:\/\/accounto.ch\/fr\/solution\/#breadcrumb","itemListElement":[{"@type":"ListItem","position":1,"name":"Home","item":"https:\/\/accounto.ch\/fr\/"},{"@type":"ListItem","position":2,"name":"Solution"}]},{"@type":"WebSite","@id":"https:\/\/accounto.ch\/fr\/#website","url":"https:\/\/accounto.ch\/fr\/","name":"Accounto | Digitale Buchhaltung","description":"Nous permettons aux fiduciaires de s\u2019\u00e9tablir comme experts num\u00e9riques incontournables au succ\u00e8s des PME.","publisher":{"@id":"https:\/\/accounto.ch\/fr\/#organization"},"potentialAction":[{"@type":"SearchAction","target":{"@type":"EntryPoint","urlTemplate":"https:\/\/accounto.ch\/fr\/?s={search_term_string}"},"query-input":{"@type":"PropertyValueSpecification","valueRequired":true,"valueName":"search_term_string"}}],"inLanguage":"fr-FR"},{"@type":"Organization","@id":"https:\/\/accounto.ch\/fr\/#organization","name":"Accounto AG","url":"https:\/\/accounto.ch\/fr\/","logo":{"@type":"ImageObject","inLanguage":"fr-FR","@id":"https:\/\/accounto.ch\/fr\/#\/schema\/logo\/image\/","url":"https:\/\/accounto.ch\/wp-content\/uploads\/2020\/04\/accounto_logo-3.png","contentUrl":"https:\/\/accounto.ch\/wp-content\/uploads\/2020\/04\/accounto_logo-3.png","width":500,"height":78,"caption":"Accounto AG"},"image":{"@id":"https:\/\/accounto.ch\/fr\/#\/schema\/logo\/image\/"},"sameAs":["https:\/\/www.facebook.com\/accounto.ch\/","https:\/\/x.com\/accounto_tech","https:\/\/www.instagram.com\/accounto.ch\/","https:\/\/www.linkedin.com\/company\/10652987"]}]}},"_links":{"self":[{"href":"https:\/\/accounto.ch\/fr\/wp-json\/wp\/v2\/pages\/8981","targetHints":{"allow":["GET"]}}],"collection":[{"href":"https:\/\/accounto.ch\/fr\/wp-json\/wp\/v2\/pages"}],"about":[{"href":"https:\/\/accounto.ch\/fr\/wp-json\/wp\/v2\/types\/page"}],"author":[{"embeddable":true,"href":"https:\/\/accounto.ch\/fr\/wp-json\/wp\/v2\/users\/1"}],"replies":[{"embeddable":true,"href":"https:\/\/accounto.ch\/fr\/wp-json\/wp\/v2\/comments?post=8981"}],"version-history":[{"count":0,"href":"https:\/\/accounto.ch\/fr\/wp-json\/wp\/v2\/pages\/8981\/revisions"}],"wp:attachment":[{"href":"https:\/\/accounto.ch\/fr\/wp-json\/wp\/v2\/media?parent=8981"}],"curies":[{"name":"wp","href":"https:\/\/api.w.org\/{rel}","templated":true}]}}